{"id":31,"date":"2011-10-02T21:59:08","date_gmt":"2011-10-02T19:59:08","guid":{"rendered":"http:\/\/sinfoniamediacion.wordpress.com\/?page_id=31"},"modified":"2012-06-11T21:21:15","modified_gmt":"2012-06-11T21:21:15","slug":"quienes-somos-2","status":"publish","type":"page","link":"https:\/\/sinfoniamediacion.es\/?page_id=31","title":{"rendered":"\u00bfQui\u00e9nes somos?"},"content":{"rendered":"<p>&nbsp;<\/p>\n<h2><span style=\"color: #ff9900;\"><strong>Sinfon\u00eda Mediaci\u00f3n Jerez <\/strong><\/span><\/h2>\n<p>Es un <strong>Equipo de Mediaci\u00f3n Interdisciplinar <\/strong>formado\u00a0por profesionales en activo y titulados de los \u00e1mbitos del derecho, la psicolog\u00eda y la educaci\u00f3n con amplia experiencia laboral en procesos de mediaci\u00f3n y formaci\u00f3n especializada. Prestamos servicios en el \u00e1mbito de Andaluc\u00eda y nuestra sede se encuentra en Jerez (C\u00e1diz)<\/p>\n<h2><span style=\"color: #ff9900;\">En\u00a0<strong>Sinfonia Mediaci\u00f3n ofrecemos:<\/strong><\/span><\/h2>\n<div>\n<ul>\n<li>\u00a0Una amplia experiencia profesional en la gesti\u00f3n de conflictos (familia, j\u00f3venes, problemas vecinales, mediaci\u00f3n laboral y mercantil, etc.)<\/li>\n<li>Una atenci\u00f3n personalizada y adaptada a sus necesidades.<\/li>\n<li>\u00a0Una metodolog\u00eda de trabajo cooperativa y en continuo seguimiento con el cliente.<\/li>\n<li>\u00a0El logro de un acuerdo beneficioso para ambas partes<\/li>\n<\/ul>\n<\/div>\n<p><strong><span style=\"color: #000000;\">*Mediadores acreditados por la Asociaci\u00f3n Andaluza de Mediaci\u00f3n AMEFA<\/span><\/strong><\/p>\n<p>&nbsp;<\/p>\n<p>&nbsp;<\/p>\n","protected":false},"excerpt":{"rendered":"<p>&nbsp; Sinfon\u00eda Mediaci\u00f3n Jerez Es un Equipo de Mediaci\u00f3n Interdisciplinar formado\u00a0por profesionales en activo y titulados de los \u00e1mbitos del derecho, la psicolog\u00eda y la educaci\u00f3n con amplia experiencia laboral en procesos de mediaci\u00f3n y formaci\u00f3n especializada. Prestamos servicios en el \u00e1mbito de Andaluc\u00eda y nuestra sede se encuentra en Jerez (C\u00e1diz) En\u00a0Sinfonia Mediaci\u00f3n ofrecemos: &hellip; <a class=\"read-excerpt\" href=\"https:\/\/sinfoniamediacion.es\/?page_id=31\">Continue reading <span class=\"meta-nav\">&raquo;<\/span><\/a><\/p>\n","protected":false},"author":1,"featured_media":0,"parent":0,"menu_order":3,"comment_status":"open","ping_status":"open","template":"","meta":{"footnotes":""},"class_list":["post-31","page","type-page","status-publish","hentry"],"_links":{"self":[{"href":"https:\/\/sinfoniamediacion.es\/index.php?rest_route=\/wp\/v2\/pages\/31","targetHints":{"allow":["GET"]}}],"collection":[{"href":"https:\/\/sinfoniamediacion.es\/index.php?rest_route=\/wp\/v2\/pages"}],"about":[{"href":"https:\/\/sinfoniamediacion.es\/index.php?rest_route=\/wp\/v2\/types\/page"}],"author":[{"embeddable":true,"href":"https:\/\/sinfoniamediacion.es\/index.php?rest_route=\/wp\/v2\/users\/1"}],"replies":[{"embeddable":true,"href":"https:\/\/sinfoniamediacion.es\/index.php?rest_route=%2Fwp%2Fv2%2Fcomments&post=31"}],"version-history":[{"count":14,"href":"https:\/\/sinfoniamediacion.es\/index.php?rest_route=\/wp\/v2\/pages\/31\/revisions"}],"predecessor-version":[{"id":89,"href":"https:\/\/sinfoniamediacion.es\/index.php?rest_route=\/wp\/v2\/pages\/31\/revisions\/89"}],"wp:attachment":[{"href":"https:\/\/sinfoniamediacion.es\/index.php?rest_route=%2Fwp%2Fv2%2Fmedia&parent=31"}],"curies":[{"name":"wp","href":"https:\/\/api.w.org\/{rel}","templated":true}]}}