{"id":195,"date":"2011-11-03T20:32:59","date_gmt":"2011-11-03T20:32:59","guid":{"rendered":"https:\/\/sinfoniamediacion.es\/?page_id=195"},"modified":"2012-07-09T06:25:04","modified_gmt":"2012-07-09T06:25:04","slug":"mediacion-educativa","status":"publish","type":"page","link":"https:\/\/sinfoniamediacion.es\/?page_id=195","title":{"rendered":"Mediaci\u00f3n Educativa"},"content":{"rendered":"<h2 style=\"text-align: justify;\"><span style=\"color: #ff9900;\"><strong>La importancia de la prev<\/strong><\/span><span style=\"color: #ff9900;\"><strong>e<\/strong><strong>nc<\/strong><strong>i\u00f3n<\/strong><\/span><\/h2>\n<p style=\"text-align: justify;\" align=\"left\">La mediaci\u00f3n es una estrategia para resolver conflictos entre varias personas, con la ayuda de un tercero, el mediador\/a, que act\u00faa de forma imparcial entre los implicados. En el \u00e1mbito educativo la mediaci\u00f3n se suele utilizar cuando ya se ha producido el conflicto. En este sentido, es muy importante la labor de <em>prevenci\u00f3n <\/em>y el establecimiento de un buen clima de <em>convivencia escolar<\/em> y la <em>formaci\u00f3n de mediadores<\/em> dentro de la comunidad educativa.<\/p>\n<p style=\"text-align: justify;\">En los centros educativos, la mediaci\u00f3n est\u00e1 ganando peso frente a otras formas de intervenci\u00f3n en conflictos, en este contexto, el mediador puede ser alg\u00fan miembro de la comunidad educativa (alumnado, profesorado, equipo directivo, padres o madres) en funci\u00f3n del tipo de conflicto y de las personas implicadas en \u00e9l.<\/p>\n<p style=\"text-align: justify;\">Uno de los aspectos fundamentales de la mediaci\u00f3n es que se basa en el di\u00e1logo y que es imprescindible que las personas implicadas acepten voluntariamente la intervenci\u00f3n del mediador\/a. El mediador no tiene autoridad para decidir y no act\u00faa de juez entre las dos partes; su finalidad es promover la soluci\u00f3n a un conflicto, aumentar la capacidad de toma de decisiones de los implicados, contribuir a una mejora en la autoestima y la responsabilidad ante los conflictos y favorecer la convivencia en el centro educativo.<\/p>\n<p style=\"text-align: justify;\">\u00a0La figura del mediador puede variar en funci\u00f3n de las personas en conflicto:<\/p>\n<p style=\"text-align: justify;\">&#8211; Si el conflicto surge entre dos alumnos, el mediador es el profesor\/tutor del grupo.<br \/>\n&#8211; Si el conflicto surge entre un alumno y un profesor, es la direcci\u00f3n del centro\u00a0la que asume la figura de mediador.<br \/>\n&#8211; Si el conflicto surge entre el profesorado, el mediador recae en\u00a0la direcci\u00f3n\u00a0o bien en la Inspecci\u00f3n educativa.<br \/>\n&#8211; Si el conflicto surge entre un padre\/madre y un profesor, la figura de mediador la asume la direcci\u00f3n del centro.<br \/>\n&#8211; Si el conflicto surge entre un padre\/madre y la direcci\u00f3n del centro, la mediaci\u00f3n la realiza la inspecci\u00f3n educativa\u00a0del centro.<\/p>\n<h2 style=\"text-align: justify;\"><span style=\"color: #ff9900;\">Formaci\u00f3n en Mediaci\u00f3n<\/span><\/h2>\n<p style=\"text-align: justify;\">Las funciones de mediador implican una serie de conocimientos y habilidades, por eso, para poder realizar la mediaci\u00f3n de forma efectiva, es necesario que el personal docente y los responsables del centro educativo conozcan la forma de gestionar conflictos para poder ense\u00f1arla al alumnado. Es decir, necesitan <em>formaci\u00f3n en mediaci\u00f3n.<\/em><\/p>\n<p style=\"text-align: justify;\" align=\"justify\">Los expertos coinciden en reclamar que la formaci\u00f3n es fundamental para realizar un proyecto de mediaci\u00f3n adecuado. Conocer cu\u00e1l es el papel del mediador; cu\u00e1les son las fases del proceso, desarrollar competencias comunicativas y dialogantes, etc. es imprescindible para intervenir adecuadamente.Un mediador no se improvisa. La formaci\u00f3n es necesaria para que las herramientas utilizadas (capacidad de comunicaci\u00f3n, empat\u00eda, di\u00e1logo\u2026) formen parte de sus competencias y dominio social de la situaci\u00f3n.<\/p>\n<p style=\"text-align: justify;\" align=\"justify\">En <em>Sinfon\u00eda Mediaci\u00f3n<\/em> ofrecemos:<\/p>\n<ul style=\"text-align: justify;\">\n<li>\n<div align=\"justify\"><strong><span style=\"color: #ff9900;\">Formaci\u00f3n especializada en Mediaci\u00f3n<\/span>, <\/strong>a trav\u00e9s de programas formativos \u201ca la carta\u201d,para toda la comunidad educativa (profesorado, alumnado, madres y padres del centro educativo), en los que desarrollar y entrenar todas las competencias personales y profesionales necesarias para actuar en procesos de mediaci\u00f3n educativa.<\/div>\n<\/li>\n<li>\n<div align=\"justify\"><strong><span style=\"color: #ff9900;\">Charlas informativas y de sensibilizaci\u00f3n<\/span><\/strong> para dar a conocer la mediaci\u00f3n y la utilidad de la misma en procesos de gesti\u00f3n de conflictos en todos sus \u00e1mbitos.<\/div>\n<\/li>\n<li>\n<div align=\"justify\"><strong><span style=\"color: #ff9900;\">Servicio de Mediaci\u00f3n educativa:<\/span><\/strong> en cuanto a la posibilidad de actuar como agente neutral en la resoluci\u00f3n de conflictos que necesiten la intervenci\u00f3n de un experto\/a profesional del \u00e1mbito psicopedag\u00f3gico.<\/div>\n<\/li>\n<\/ul>\n<p style=\"text-align: justify;\" align=\"justify\"><a href=\"https:\/\/sinfoniamediacion.es\/wp-content\/uploads\/2011\/11\/libros.jpg\"><img loading=\"lazy\" decoding=\"async\" class=\"alignnone size-medium wp-image-196\" title=\"libros\" src=\"https:\/\/sinfoniamediacion.es\/wp-content\/uploads\/2011\/11\/libros-300x198.jpg\" alt=\"\" width=\"300\" height=\"198\" srcset=\"https:\/\/sinfoniamediacion.es\/wp-content\/uploads\/2011\/11\/libros-300x198.jpg 300w, https:\/\/sinfoniamediacion.es\/wp-content\/uploads\/2011\/11\/libros.jpg 460w\" sizes=\"auto, (max-width: 300px) 100vw, 300px\" \/><\/a><\/p>\n","protected":false},"excerpt":{"rendered":"<p>La importancia de la prevenci\u00f3n La mediaci\u00f3n es una estrategia para resolver conflictos entre varias personas, con la ayuda de un tercero, el mediador\/a, que act\u00faa de forma imparcial entre los implicados. En el \u00e1mbito educativo la mediaci\u00f3n se suele utilizar cuando ya se ha producido el conflicto. En este sentido, es muy importante la &hellip; <a class=\"read-excerpt\" href=\"https:\/\/sinfoniamediacion.es\/?page_id=195\">Continue reading <span class=\"meta-nav\">&raquo;<\/span><\/a><\/p>\n","protected":false},"author":1,"featured_media":0,"parent":0,"menu_order":0,"comment_status":"closed","ping_status":"closed","template":"","meta":{"footnotes":""},"class_list":["post-195","page","type-page","status-publish","hentry"],"_links":{"self":[{"href":"https:\/\/sinfoniamediacion.es\/index.php?rest_route=\/wp\/v2\/pages\/195","targetHints":{"allow":["GET"]}}],"collection":[{"href":"https:\/\/sinfoniamediacion.es\/index.php?rest_route=\/wp\/v2\/pages"}],"about":[{"href":"https:\/\/sinfoniamediacion.es\/index.php?rest_route=\/wp\/v2\/types\/page"}],"author":[{"embeddable":true,"href":"https:\/\/sinfoniamediacion.es\/index.php?rest_route=\/wp\/v2\/users\/1"}],"replies":[{"embeddable":true,"href":"https:\/\/sinfoniamediacion.es\/index.php?rest_route=%2Fwp%2Fv2%2Fcomments&post=195"}],"version-history":[{"count":5,"href":"https:\/\/sinfoniamediacion.es\/index.php?rest_route=\/wp\/v2\/pages\/195\/revisions"}],"predecessor-version":[{"id":317,"href":"https:\/\/sinfoniamediacion.es\/index.php?rest_route=\/wp\/v2\/pages\/195\/revisions\/317"}],"wp:attachment":[{"href":"https:\/\/sinfoniamediacion.es\/index.php?rest_route=%2Fwp%2Fv2%2Fmedia&parent=195"}],"curies":[{"name":"wp","href":"https:\/\/api.w.org\/{rel}","templated":true}]}}