{"id":150,"date":"2011-10-25T22:43:15","date_gmt":"2011-10-25T22:43:15","guid":{"rendered":"https:\/\/sinfoniamediacion.es\/?page_id=150"},"modified":"2012-09-06T08:09:07","modified_gmt":"2012-09-06T08:09:07","slug":"mediacion-familiar","status":"publish","type":"page","link":"https:\/\/sinfoniamediacion.es\/?page_id=150","title":{"rendered":"Mediaci\u00f3n Familiar"},"content":{"rendered":"<h2><span style=\"color: #ff9900;\"><strong>Mediaci\u00f3n familiar: te ayudamos a buscar los mejores acuerdos<\/strong><\/span><\/h2>\n<p style=\"text-align: justify;\">La Mediaci\u00f3n Familiar en situaciones de separaciones y\/o divorcio, es un proceso\u00a0 en el que las parejas solicitan o aceptan la intervenci\u00f3n de una tercera persona, llamada mediador, con la finalidad de llegar a acuerdos que les permitan reorganizar su relaci\u00f3n como padres, de tal forma que la separaci\u00f3n no sea un obst\u00e1culo que dificulte o impida a los hijos e hijas\u00a0mantener una relaci\u00f3n abierta y equilibrada con ambos progenitores.<\/p>\n<p style=\"text-align: justify;\">Iniciar un\u00a0proceso de mediaci\u00f3n familiar <em>es voluntario<\/em>, pero es una alternativa recomendable para evitar procesos legales y judiciales largos, costosos y en muchas ocasiones incompletos. La comunicaci\u00f3n, el di\u00e1logo y la b\u00fasqueda de soluciones son algunas de las herramientas b\u00e1sicas en los procesos de mediaci\u00f3n.<\/p>\n<h2 style=\"text-align: justify;\"><span style=\"color: #ff9900;\"><strong>Entre los asuntos a mediar m\u00e1s comunes se encuentran:<\/strong><\/span><\/h2>\n<p>-Separaci\u00f3n,divorcio y ruptura de parejas de hecho,antes y durante el procedimiento judicial.<br \/>\n-Conflictos entre hermanos.<br \/>\n-Conflictos con adolescentes.<br \/>\n-Conflictos entre cuidadores de personas dependientes.<br \/>\n-Conflictos entre padres e hijos.<br \/>\n-Conflictos en las relaciones nietos\/abuelos.<br \/>\n-Conflictos en el cumplimiento del regimen de visitas de los hijos tras la ruptura de los progenitores.<br \/>\n-Herencias.<br \/>\n-Etc.<\/p>\n<h2><span style=\"color: #ff9900;\"><strong>La mediaci\u00f3n familiar aporta una serie de beneficios para todos:<\/strong><\/span><\/h2>\n<ul>\n<li>Debido al car\u00e1cter voluntario de la mediaci\u00f3n se puede ver como un complemento a la Justicia.<\/li>\n<li>La hostilidad entre las partes\u00a0disminuye \u00a0y facilita la cooperaci\u00f3n en la definici\u00f3n del problema, las negociaciones y el logro de acuerdos.<\/li>\n<li>Ofrece la posibilidad de que todos se sientan ganadores \u00abtu ganas, yo gano\u00bb.<\/li>\n<li>La mediaci\u00f3n devuelve la responsabilidad en el proceso, estableciendo un calendario y duraci\u00f3n del proceso.<\/li>\n<li>Los acuerdos logrados son m\u00e1s estables,duraderos y satisfactorios.<\/li>\n<li>Respeta la privacidad, solo tiene acceso a la informacion acerca del conflicto y sus causas, los interesados y el mediador.<\/li>\n<li>Mejora la autoestima de las partes y el reconocimiento de los recursos personales.<\/li>\n<li>Se evita la triangulaci\u00f3n de los hijos, los hijos no tienen que sufrir un conflicto de lealtades.<\/li>\n<li>Los padres pueden comunicar a los hijos que han decidido dejar de convivir y que est\u00e1n apoyados por un mediador para organizar las relaciones familiares en el futuro.<\/li>\n<li>Da la posibilidad de establecer la custodia compartida como la soluci\u00f3n menos mala para los hijos despu\u00e9s del cese de la convivencia de los padres.<\/li>\n<\/ul>\n<p><a href=\"https:\/\/sinfoniamediacion.es\/wp-content\/uploads\/2011\/10\/DSC_02051.jpg\"><img loading=\"lazy\" decoding=\"async\" class=\"alignnone size-large wp-image-152\" title=\"DSC_0205\" src=\"https:\/\/sinfoniamediacion.es\/wp-content\/uploads\/2011\/10\/DSC_02051-685x1024.jpg\" alt=\"\" width=\"227\" height=\"321\" \/><\/a><\/p>\n","protected":false},"excerpt":{"rendered":"<p>Mediaci\u00f3n familiar: te ayudamos a buscar los mejores acuerdos La Mediaci\u00f3n Familiar en situaciones de separaciones y\/o divorcio, es un proceso\u00a0 en el que las parejas solicitan o aceptan la intervenci\u00f3n de una tercera persona, llamada mediador, con la finalidad de llegar a acuerdos que les permitan reorganizar su relaci\u00f3n como padres, de tal forma &hellip; <a class=\"read-excerpt\" href=\"https:\/\/sinfoniamediacion.es\/?page_id=150\">Continue reading <span class=\"meta-nav\">&raquo;<\/span><\/a><\/p>\n","protected":false},"author":1,"featured_media":0,"parent":19,"menu_order":0,"comment_status":"closed","ping_status":"closed","template":"","meta":{"footnotes":""},"class_list":["post-150","page","type-page","status-publish","hentry"],"_links":{"self":[{"href":"https:\/\/sinfoniamediacion.es\/index.php?rest_route=\/wp\/v2\/pages\/150","targetHints":{"allow":["GET"]}}],"collection":[{"href":"https:\/\/sinfoniamediacion.es\/index.php?rest_route=\/wp\/v2\/pages"}],"about":[{"href":"https:\/\/sinfoniamediacion.es\/index.php?rest_route=\/wp\/v2\/types\/page"}],"author":[{"embeddable":true,"href":"https:\/\/sinfoniamediacion.es\/index.php?rest_route=\/wp\/v2\/users\/1"}],"replies":[{"embeddable":true,"href":"https:\/\/sinfoniamediacion.es\/index.php?rest_route=%2Fwp%2Fv2%2Fcomments&post=150"}],"version-history":[{"count":10,"href":"https:\/\/sinfoniamediacion.es\/index.php?rest_route=\/wp\/v2\/pages\/150\/revisions"}],"predecessor-version":[{"id":212,"href":"https:\/\/sinfoniamediacion.es\/index.php?rest_route=\/wp\/v2\/pages\/150\/revisions\/212"}],"up":[{"embeddable":true,"href":"https:\/\/sinfoniamediacion.es\/index.php?rest_route=\/wp\/v2\/pages\/19"}],"wp:attachment":[{"href":"https:\/\/sinfoniamediacion.es\/index.php?rest_route=%2Fwp%2Fv2%2Fmedia&parent=150"}],"curies":[{"name":"wp","href":"https:\/\/api.w.org\/{rel}","templated":true}]}}